{"id":25546121,"date":"2024-02-13T08:11:55","date_gmt":"2024-02-13T08:11:55","guid":{"rendered":"https:\/\/migration.ajiagrosolutions.com\/inicio\/nuestras-innovaciones\/"},"modified":"2025-03-14T14:46:48","modified_gmt":"2025-03-14T14:46:48","slug":"onze-innovaties","status":"publish","type":"page","link":"https:\/\/www.ajiagrosolutions.com\/nl\/home\/onze-innovaties\/","title":{"rendered":"Onze innovaties"},"content":{"rendered":"<p>[et_pb_section fb_built=&#8221;1&#8243; custom_padding_last_edited=&#8221;on|tablet&#8221; admin_label=&#8221;Intro&#8221; module_class=&#8221;arc-bottom-white&#8221; _builder_version=&#8221;4.24.0&#8243; _module_preset=&#8221;default&#8221; background_enable_image=&#8221;off&#8221; height=&#8221;100vh&#8221; max_height=&#8221;800px&#8221; custom_padding_tablet=&#8221;4rem||0px||false|false&#8221; custom_padding_phone=&#8221;4rem||0px||false|false&#8221; bottom_divider_color=&#8221;#FFFFFF&#8221; custom_css_main_element=&#8221;display: flex;||flex-direction: column;&#8221; locked=&#8221;off&#8221; global_colors_info=&#8221;{}&#8221;][et_pb_row custom_padding_last_edited=&#8221;on|phone&#8221; admin_label=&#8221;texto&#8221; module_class=&#8221;uw-row&#8221; _builder_version=&#8221;4.24.0&#8243; _module_preset=&#8221;default&#8221; z_index=&#8221;4&#8243; width=&#8221;100%&#8221; max_width=&#8221;1200px&#8221; custom_padding=&#8221;|30px||30px|false|true&#8221; custom_padding_tablet=&#8221;|30px||30px|false|true&#8221; custom_padding_phone=&#8221;|20px||20px|false|true&#8221; custom_css_main_element=&#8221;display: flex;||justify-content: flex-end;&#8221; global_colors_info=&#8221;{}&#8221;][et_pb_column type=&#8221;4_4&#8243; _builder_version=&#8221;4.24.0&#8243; _module_preset=&#8221;default&#8221; background_color=&#8221;rgba(255,255,255,0.8)&#8221; custom_padding=&#8221;40px|40px|40px|40px|true|true&#8221; custom_padding_tablet=&#8221;40px|40px|40px|40px|true|true&#8221; custom_padding_phone=&#8221;20px|20px|20px|20px|true|true&#8221; custom_padding_last_edited=&#8221;on|phone&#8221; custom_css_main_element=&#8221;width: auto!important;||max-width: 600px;&#8221; global_colors_info=&#8221;{}&#8221;][et_pb_text module_class=&#8221;js-fade-in&#8221; _builder_version=&#8221;4.24.0&#8243; _module_preset=&#8221;d5bb82bb-ca7f-41b5-a941-8d749cf329fe&#8221; custom_margin_tablet=&#8221;||0.5rem||false|false&#8221; custom_margin_phone=&#8221;||0rem||false|false&#8221; custom_margin_last_edited=&#8221;on|tablet&#8221; hover_enabled=&#8221;0&#8243; global_colors_info=&#8221;{}&#8221; header_font=&#8221;Norwester|||||on|||&#8221; sticky_enabled=&#8221;0&#8243;]<\/p>\n<h1>Agro culture innovations<\/h1>\n<p>[\/et_pb_text][et_pb_text module_class=&#8221;js-fade-in&#8221; _builder_version=&#8221;4.24.0&#8243; _module_preset=&#8221;b9431c7e-1947-490e-a79e-afbfd94d4ff6&#8243; max_width=&#8221;100%&#8221; custom_margin_tablet=&#8221;||0px||false|false&#8221; custom_margin_phone=&#8221;||0px||false|false&#8221; custom_margin_last_edited=&#8221;on|tablet&#8221; global_colors_info=&#8221;{}&#8221;]<\/p>\n<p><span>We create eco-friendly biostimulants that are innovatie for agriculture<\/span><\/p>\n<p>[\/et_pb_text][\/et_pb_column][\/et_pb_row][et_pb_row admin_label=&#8221;background&#8221; module_class=&#8221;ukiyo&#8221; _builder_version=&#8221;4.24.0&#8243; _module_preset=&#8221;default&#8221; background_image=&#8221;https:\/\/www.ajiagrosolutions.com\/wp-content\/uploads\/2024\/02\/visual_our_solution.jpg&#8221; background_position=&#8221;top_center&#8221; positioning=&#8221;absolute&#8221; width=&#8221;100%&#8221; max_width=&#8221;100%&#8221; height=&#8221;100%&#8221; custom_padding=&#8221;0px|0px|0px|0px|false|false&#8221; global_colors_info=&#8221;{}&#8221;][et_pb_column type=&#8221;4_4&#8243; _builder_version=&#8221;4.24.0&#8243; _module_preset=&#8221;default&#8221; global_colors_info=&#8221;{}&#8221;][\/et_pb_column][\/et_pb_row][\/et_pb_section][et_pb_section fb_built=&#8221;1&#8243; custom_padding_last_edited=&#8221;on|tablet&#8221; module_class=&#8221;_decor-orbit-left&#8221; _builder_version=&#8221;4.24.0&#8243; _module_preset=&#8221;default&#8221; custom_padding=&#8221;5rem||5rem||false|false&#8221; custom_padding_tablet=&#8221;4rem||1.5rem||false|false&#8221; custom_padding_phone=&#8221;2rem||0rem||false|false&#8221; custom_css_main_element=&#8221;overflow: hidden;&#8221; locked=&#8221;off&#8221; global_colors_info=&#8221;{}&#8221;][et_pb_row column_structure=&#8221;1_2,1_2&#8243; custom_padding_last_edited=&#8221;on|phone&#8221; module_class=&#8221;uw-row&#8221; _builder_version=&#8221;4.24.0&#8243; _module_preset=&#8221;default&#8221; width=&#8221;100%&#8221; max_width=&#8221;1200px&#8221; custom_padding=&#8221;|30px||30px|false|true&#8221; custom_padding_tablet=&#8221;|30px||30px|false|true&#8221; custom_padding_phone=&#8221;|20px||20px|false|true&#8221; custom_css_main_element=&#8221;display: flex;||align-items: center;&#8221; locked=&#8221;off&#8221; global_colors_info=&#8221;{}&#8221; custom_css_main_element_last_edited=&#8221;on|tablet&#8221; custom_css_main_element_tablet=&#8221;display: block&#8221; custom_css_main_element_phone=&#8221;display: block&#8221;][et_pb_column type=&#8221;1_2&#8243; _builder_version=&#8221;4.24.0&#8243; _module_preset=&#8221;default&#8221; custom_padding=&#8221;|2rem|||false|false&#8221; custom_padding_tablet=&#8221;|0rem|3rem||false|false&#8221; custom_padding_phone=&#8221;||1rem||false|false&#8221; custom_padding_last_edited=&#8221;on|tablet&#8221; global_colors_info=&#8221;{}&#8221; custom_css_main_element_last_edited=&#8221;on|tablet&#8221;][et_pb_image src=&#8221;https:\/\/www.ajiagrosolutions.com\/wp-content\/uploads\/2024\/02\/8ddf1eec232a663cbc40f289cd540dfa_s.jpg&#8221; align=&#8221;center&#8221; module_class=&#8221;circle-image decor-image-orbit decor-image-orbit__yellow js-fade-in&#8221; _builder_version=&#8221;4.24.0&#8243; _module_preset=&#8221;default&#8221; width=&#8221;100%&#8221; width_tablet=&#8221;100%&#8221; width_phone=&#8221;100%&#8221; width_last_edited=&#8221;on|tablet&#8221; max_width=&#8221;450px&#8221; max_width_tablet=&#8221;350px&#8221; max_width_phone=&#8221;250px&#8221; max_width_last_edited=&#8221;on|tablet&#8221; custom_margin=&#8221;||0px||false|false&#8221; custom_padding=&#8221;||0px||false|false&#8221; border_radii=&#8221;on|50%|50%|50%|50%&#8221; global_colors_info=&#8221;{}&#8221;][\/et_pb_image][\/et_pb_column][et_pb_column type=&#8221;1_2&#8243; _builder_version=&#8221;4.24.0&#8243; _module_preset=&#8221;default&#8221; global_colors_info=&#8221;{}&#8221; custom_css_main_element_last_edited=&#8221;on|tablet&#8221;][et_pb_text module_class=&#8221;js-fade-in&#8221; _builder_version=&#8221;4.24.0&#8243; _module_preset=&#8221;d5bb82bb-ca7f-41b5-a941-8d749cf329fe&#8221; custom_margin=&#8221;||1.2rem||false|false&#8221; custom_margin_tablet=&#8221;||1.2rem||false|false&#8221; custom_margin_phone=&#8221;||0.9rem||false|false&#8221; custom_margin_last_edited=&#8221;on|phone&#8221; hover_enabled=&#8221;0&#8243; header_2_text_align_tablet=&#8221;center&#8221; header_2_text_align_phone=&#8221;center&#8221; header_2_text_align_last_edited=&#8221;on|tablet&#8221; global_colors_info=&#8221;{}&#8221; header_2_font=&#8221;Norwester|||||on|||&#8221; sticky_enabled=&#8221;0&#8243;]<\/p>\n<h2>Employing cutting-edge technology in research<\/h2>\n<p>[\/et_pb_text][et_pb_text module_class=&#8221;js-fade-in&#8221; _builder_version=&#8221;4.24.0&#8243; _module_preset=&#8221;d5bb82bb-ca7f-41b5-a941-8d749cf329fe&#8221; custom_margin=&#8221;||2rem||false|false&#8221; text_orientation_tablet=&#8221;center&#8221; text_orientation_phone=&#8221;center&#8221; text_orientation_last_edited=&#8221;on|tablet&#8221; global_colors_info=&#8221;{}&#8221;]<\/p>\n<p><span>R&amp;D+i department aims to develop efficient and high-quality biostimulant extracts. We are the AGRO division of Ajinomoto Group, an international corporation that specializes in obtaining extracts and other relevant substances through fermentation processes.  <\/span><\/p>\n<p><span>We work closely with Ajinomoto Group\u2019s microbiology, metabolic engineering, and bioprocesses labs to produce innovative amino acids and biostimulant substances. As visionary pioneers, we can develop unique biostimulants, thanks to Ajinomoto Group\u2019s bank of exclusive bacterial strains at our disposal, ensuring respect for the environment while doing so.  <\/span><\/p>\n<p>[\/et_pb_text][\/et_pb_column][\/et_pb_row][\/et_pb_section][et_pb_section fb_built=&#8221;1&#8243; custom_padding_last_edited=&#8221;on|tablet&#8221; module_class=&#8221;_decor-orbit-left&#8221; _builder_version=&#8221;4.24.0&#8243; _module_preset=&#8221;default&#8221; background_color=&#8221;#FCC557&#8243; custom_padding=&#8221;5rem||5rem||false|false&#8221; custom_padding_tablet=&#8221;4rem||1.5rem||false|false&#8221; custom_padding_phone=&#8221;2rem||0rem||false|false&#8221; custom_css_main_element=&#8221;overflow: hidden;&#8221; locked=&#8221;off&#8221; global_colors_info=&#8221;{}&#8221;][et_pb_row column_structure=&#8221;1_2,1_2&#8243; custom_padding_last_edited=&#8221;on|phone&#8221; module_class=&#8221;uw-row&#8221; _builder_version=&#8221;4.24.0&#8243; _module_preset=&#8221;default&#8221; width=&#8221;100%&#8221; max_width=&#8221;1200px&#8221; custom_padding=&#8221;|30px||30px|false|true&#8221; custom_padding_tablet=&#8221;|30px||30px|false|true&#8221; custom_padding_phone=&#8221;|20px||20px|false|true&#8221; custom_css_main_element=&#8221;display: flex;||align-items: center;&#8221; locked=&#8221;off&#8221; global_colors_info=&#8221;{}&#8221; custom_css_main_element_last_edited=&#8221;on|tablet&#8221; custom_css_main_element_tablet=&#8221;display: flex;||flex-direction: column;&#8221; custom_css_main_element_phone=&#8221;display: flex;||flex-direction: column;&#8221;][et_pb_column type=&#8221;1_2&#8243; _builder_version=&#8221;4.24.0&#8243; _module_preset=&#8221;default&#8221; custom_css_main_element=&#8221;position: relative;||z-index: 2;&#8221; global_colors_info=&#8221;{}&#8221; custom_css_main_element_last_edited=&#8221;on|phone&#8221; custom_css_main_element_tablet=&#8221;order: 2;||position: relative;||z-index: 2;&#8221; custom_css_main_element_phone=&#8221;order: 2;||position: relative;||z-index: 2;&#8221;][et_pb_text module_class=&#8221;js-fade-in&#8221; _builder_version=&#8221;4.24.0&#8243; _module_preset=&#8221;d5bb82bb-ca7f-41b5-a941-8d749cf329fe&#8221; custom_margin=&#8221;||1.2rem||false|false&#8221; custom_margin_tablet=&#8221;||1.2rem||false|false&#8221; custom_margin_phone=&#8221;||0.9rem||false|false&#8221; custom_margin_last_edited=&#8221;on|phone&#8221; hover_enabled=&#8221;0&#8243; header_text_align_tablet=&#8221;center&#8221; header_text_align_phone=&#8221;center&#8221; header_text_align_last_edited=&#8221;on|tablet&#8221; header_2_text_align_tablet=&#8221;center&#8221; header_2_text_align_phone=&#8221;center&#8221; header_2_text_align_last_edited=&#8221;on|tablet&#8221; global_colors_info=&#8221;{}&#8221; sticky_enabled=&#8221;0&#8243; header_2_font=&#8221;Norwester|||||on|||&#8221;]<\/p>\n<h2>Delivering reliable innovations to the agriculture sector<\/h2>\n<p>[\/et_pb_text][et_pb_text module_class=&#8221;js-fade-in&#8221; _builder_version=&#8221;4.24.0&#8243; _module_preset=&#8221;d5bb82bb-ca7f-41b5-a941-8d749cf329fe&#8221; custom_margin=&#8221;||0px||false|false&#8221; text_orientation_tablet=&#8221;center&#8221; text_orientation_phone=&#8221;center&#8221; text_orientation_last_edited=&#8221;on|tablet&#8221; global_colors_info=&#8221;{}&#8221;]<\/p>\n<p><span>La innovaci\u00f3n est\u00e1 en la base de todo lo que hacemos. La innovaci\u00f3n est\u00e1 en la base de todo lo que hacemos. At Dadelos Agrosolutions\u2122, we continuously launch new products, allowing us to develop solutions for the agro-industry sector. Our objective is to respond to the needs of agriculture.  <\/span><\/p>\n<p><span>Our plant-based raw materials are obtained through exclusive extraction processes which have been designed to specifically produce innovative, efficient biostimulants.<\/span><\/p>\n<p>[\/et_pb_text][\/et_pb_column][et_pb_column type=&#8221;1_2&#8243; _builder_version=&#8221;4.24.0&#8243; _module_preset=&#8221;default&#8221; custom_padding=&#8221;|2rem|||false|false&#8221; custom_padding_tablet=&#8221;|0rem|3rem||false|false&#8221; custom_padding_phone=&#8221;||1rem||false|false&#8221; custom_padding_last_edited=&#8221;on|tablet&#8221; custom_css_main_element=&#8221;position: relative;||z-index: 0;&#8221; global_colors_info=&#8221;{}&#8221; custom_css_main_element_last_edited=&#8221;on|phone&#8221; custom_css_main_element_tablet=&#8221;order: 1;||position: relative;||z-index: 0;&#8221; custom_css_main_element_phone=&#8221;order: 1;||position: relative;||z-index: 0;&#8221;][et_pb_image src=&#8221;https:\/\/www.ajiagrosolutions.com\/wp-content\/uploads\/2024\/02\/dca74b76af1ac6a1249db34e2058c60a_s.jpg&#8221; align=&#8221;center&#8221; module_class=&#8221;circle-image decor-image-orbit decor-image-orbit__right decor-image-orbit__white js-fade-in&#8221; _builder_version=&#8221;4.24.0&#8243; _module_preset=&#8221;default&#8221; width=&#8221;100%&#8221; width_tablet=&#8221;100%&#8221; width_phone=&#8221;100%&#8221; width_last_edited=&#8221;on|tablet&#8221; max_width=&#8221;450px&#8221; max_width_tablet=&#8221;350px&#8221; max_width_phone=&#8221;250px&#8221; max_width_last_edited=&#8221;on|tablet&#8221; custom_margin=&#8221;||0px||false|false&#8221; custom_padding=&#8221;||0px||false|false&#8221; border_radii=&#8221;on|50%|50%|50%|50%&#8221; global_colors_info=&#8221;{}&#8221;][\/et_pb_image][\/et_pb_column][\/et_pb_row][\/et_pb_section][et_pb_section fb_built=&#8221;1&#8243; custom_padding_last_edited=&#8221;on|tablet&#8221; module_class=&#8221;_decor-orbit-right _decor-orbit__yellow-position-2&#8243; _builder_version=&#8221;4.24.0&#8243; _module_preset=&#8221;default&#8221; background_color=&#8221;#FFFFFF&#8221; custom_padding=&#8221;5rem||3rem||false|false&#8221; custom_padding_tablet=&#8221;4rem||2rem||false|false&#8221; custom_padding_phone=&#8221;1rem||1rem||false|false&#8221; locked=&#8221;off&#8221; global_colors_info=&#8221;{}&#8221;][et_pb_row custom_padding_last_edited=&#8221;on|phone&#8221; module_class=&#8221;uw-row&#8221; _builder_version=&#8221;4.24.0&#8243; _module_preset=&#8221;default&#8221; width=&#8221;100%&#8221; max_width=&#8221;1200px&#8221; custom_padding=&#8221;|30px||30px|false|true&#8221; custom_padding_tablet=&#8221;|30px|1rem|30px|false|true&#8221; custom_padding_phone=&#8221;|20px|0rem|20px|false|true&#8221; locked=&#8221;off&#8221; global_colors_info=&#8221;{}&#8221;][et_pb_column type=&#8221;4_4&#8243; _builder_version=&#8221;4.24.0&#8243; _module_preset=&#8221;default&#8221; global_colors_info=&#8221;{}&#8221;][et_pb_text module_class=&#8221;js-fade-in&#8221; _builder_version=&#8221;4.24.0&#8243; _module_preset=&#8221;d5bb82bb-ca7f-41b5-a941-8d749cf329fe&#8221; hover_enabled=&#8221;0&#8243; global_colors_info=&#8221;{}&#8221; header_2_font=&#8221;Norwester|||||on|||&#8221; sticky_enabled=&#8221;0&#8243;]<\/p>\n<h2>News<\/h2>\n<p>[\/et_pb_text][\/et_pb_column][\/et_pb_row][et_pb_row custom_padding_last_edited=&#8221;on|phone&#8221; module_class=&#8221;uw-row&#8221; _builder_version=&#8221;4.24.0&#8243; _module_preset=&#8221;default&#8221; width=&#8221;100%&#8221; max_width=&#8221;1200px&#8221; custom_padding=&#8221;|30px||30px|false|true&#8221; custom_padding_tablet=&#8221;|30px||30px|false|true&#8221; custom_padding_phone=&#8221;1.5rem|20px||20px|false|true&#8221; locked=&#8221;off&#8221; global_colors_info=&#8221;{}&#8221;][et_pb_column type=&#8221;4_4&#8243; _builder_version=&#8221;4.24.0&#8243; _module_preset=&#8221;default&#8221; global_colors_info=&#8221;{}&#8221;][et_pb_custblog posts_number=&#8221;3&#8243; module_class=&#8221;news-grid news-grid__gray&#8221; _builder_version=&#8221;4.24.0&#8243; _module_preset=&#8221;5878f052-4589-4f19-93ee-bac47427a765&#8243; custom_margin=&#8221;||||false|false&#8221; custom_padding_tablet=&#8221;&#8221; custom_padding_phone=&#8221;||||false|false&#8221; custom_padding_last_edited=&#8221;on|phone&#8221; global_colors_info=&#8221;{}&#8221;][\/et_pb_custblog][et_pb_button button_url=&#8221;@ET-DC@eyJkeW5hbWljIjp0cnVlLCJjb250ZW50IjoicG9zdF9saW5rX3VybF9wYWdlIiwic2V0dGluZ3MiOnsicG9zdF9pZCI6IjIxIiwiZW5hYmxlX2h0bWwiOiJvZmYifX0=@&#8221; button_text=&#8221;Leer m\u00e1s&#8221; button_alignment=&#8221;center&#8221; _builder_version=&#8221;4.24.0&#8243; _dynamic_attributes=&#8221;button_url&#8221; _module_preset=&#8221;1ea8a6b8-c4e2-4823-80fe-549bd98da130&#8243; custom_margin=&#8221;3rem||||false|false&#8221; custom_margin_tablet=&#8221;3rem||||false|false&#8221; custom_margin_phone=&#8221;2rem||||false|false&#8221; custom_margin_last_edited=&#8221;on|phone&#8221; locked=&#8221;off&#8221; global_colors_info=&#8221;{}&#8221;][\/et_pb_button][\/et_pb_column][\/et_pb_row][\/et_pb_section][et_pb_section fb_built=&#8221;1&#8243; custom_padding_last_edited=&#8221;on|phone&#8221; module_class=&#8221;footer footer__gray arc-top-white&#8221; _builder_version=&#8221;4.24.0&#8243; _module_preset=&#8221;default&#8221; background_color=&#8221;#4C5864&#8243; custom_padding=&#8221;8rem||0px||false|false&#8221; custom_padding_tablet=&#8221;6rem||0px||false|false&#8221; custom_padding_phone=&#8221;2rem||0px||false|false&#8221; locked=&#8221;off&#8221; global_colors_info=&#8221;{}&#8221;][et_pb_row make_equal=&#8221;on&#8221; custom_padding_last_edited=&#8221;on|phone&#8221; module_class=&#8221;uw-row&#8221; _builder_version=&#8221;4.24.0&#8243; _module_preset=&#8221;default&#8221; width=&#8221;100%&#8221; max_width=&#8221;1200px&#8221; custom_padding=&#8221;|30px||30px|false|true&#8221; custom_padding_tablet=&#8221;|30px|1rem|30px|false|true&#8221; custom_padding_phone=&#8221;|20px||20px|false|true&#8221; global_colors_info=&#8221;{}&#8221;][et_pb_column type=&#8221;4_4&#8243; _builder_version=&#8221;4.24.0&#8243; _module_preset=&#8221;default&#8221; global_colors_info=&#8221;{}&#8221;][et_pb_text module_class=&#8221;js-fade-in&#8221; _builder_version=&#8221;4.24.0&#8243; _module_preset=&#8221;d5bb82bb-ca7f-41b5-a941-8d749cf329fe&#8221; text_text_color=&#8221;#FFFFFF&#8221; header_2_text_color=&#8221;#FFFFFF&#8221; max_width_tablet=&#8221;100%&#8221; max_width_phone=&#8221;100%&#8221; max_width_last_edited=&#8221;on|tablet&#8221; custom_margin_tablet=&#8221;&#8221; custom_margin_phone=&#8221;||1.5rem||false|false&#8221; custom_margin_last_edited=&#8221;on|phone&#8221; hover_enabled=&#8221;0&#8243; global_colors_info=&#8221;{}&#8221; header_2_font=&#8221;Norwester|||||on|||&#8221; sticky_enabled=&#8221;0&#8243;]<\/p>\n<h2>Interested in discovering how we can help you?<\/h2>\n<p>[\/et_pb_text][dsm_contact_form_7 _builder_version=&#8221;4.24.0&#8243; _module_preset=&#8221;e960ee14-1ee9-4624-9e52-39fcec367ca7&#8243; max_width_tablet=&#8221;100%&#8221; max_width_phone=&#8221;100%&#8221; max_width_last_edited=&#8221;on|tablet&#8221; global_colors_info=&#8221;{}&#8221;][\/dsm_contact_form_7][\/et_pb_column][\/et_pb_row][\/et_pb_section]<\/p>\n","protected":false},"excerpt":{"rendered":"<p>Agro culture innovationsWe create eco-friendly biostimulants that are innovatie for agricultureEmploying cutting-edge technology in researchR&amp;D+i department aims to develop efficient and high-quality biostimulant extracts. We are the AGRO division of Ajinomoto Group, an international corporation that specializes in obtaining extracts and other relevant substances through fermentation processes. We work closely with Ajinomoto Group\u2019s microbiology, metabolic [&hellip;]<\/p>\n","protected":false},"author":1,"featured_media":0,"parent":25546115,"menu_order":0,"comment_status":"closed","ping_status":"closed","template":"","meta":{"_acf_changed":false,"_et_pb_use_builder":"on","_et_pb_old_content":"","_et_gb_content_width":"","inline_featured_image":false,"footnotes":""},"dipi_cpt_category":[],"class_list":["post-25546121","page","type-page","status-publish","hentry"],"acf":[],"yoast_head":"<!-- This site is optimized with the Yoast SEO Premium plugin v27.3 (Yoast SEO v27.4) - https:\/\/yoast.com\/product\/yoast-seo-premium-wordpress\/ -->\n<title>Agro culture innovations | Ajinomoto AgroSolutions<\/title>\n<meta name=\"description\" content=\"Leveraging our expertise in creating eco-friendly biostimulants that represent the forefront of agricultural innovation.\" \/>\n<meta name=\"robots\" content=\"index, follow, max-snippet:-1, max-image-preview:large, max-video-preview:-1\" \/>\n<link rel=\"canonical\" href=\"https:\/\/www.ajiagrosolutions.com\/nl\/home\/onze-innovaties\/\" \/>\n<meta property=\"og:locale\" content=\"nl_NL\" \/>\n<meta property=\"og:type\" content=\"article\" \/>\n<meta property=\"og:title\" content=\"Onze innovaties\" \/>\n<meta property=\"og:description\" content=\"Leveraging our expertise in creating eco-friendly biostimulants that represent the forefront of agricultural innovation.\" \/>\n<meta property=\"og:url\" content=\"https:\/\/www.ajiagrosolutions.com\/nl\/home\/onze-innovaties\/\" \/>\n<meta property=\"og:site_name\" content=\"Ajinomoto - Agrosolutions\" \/>\n<meta property=\"article:modified_time\" content=\"2025-03-14T14:46:48+00:00\" \/>\n<meta name=\"twitter:card\" content=\"summary_large_image\" \/>\n<meta name=\"twitter:label1\" content=\"Geschatte leestijd\" \/>\n\t<meta name=\"twitter:data1\" content=\"10 minuten\" \/>\n<script type=\"application\/ld+json\" class=\"yoast-schema-graph\">{\"@context\":\"https:\\\/\\\/schema.org\",\"@graph\":[{\"@type\":\"WebPage\",\"@id\":\"https:\\\/\\\/www.ajiagrosolutions.com\\\/nl\\\/home\\\/onze-innovaties\\\/\",\"url\":\"https:\\\/\\\/www.ajiagrosolutions.com\\\/nl\\\/home\\\/onze-innovaties\\\/\",\"name\":\"Agro culture innovations | Ajinomoto AgroSolutions\",\"isPartOf\":{\"@id\":\"https:\\\/\\\/migration.ajiagrosolutions.com\\\/es\\\/#website\"},\"datePublished\":\"2024-02-13T08:11:55+00:00\",\"dateModified\":\"2025-03-14T14:46:48+00:00\",\"description\":\"Leveraging our expertise in creating eco-friendly biostimulants that represent the forefront of agricultural innovation.\",\"breadcrumb\":{\"@id\":\"https:\\\/\\\/www.ajiagrosolutions.com\\\/nl\\\/home\\\/onze-innovaties\\\/#breadcrumb\"},\"inLanguage\":\"nl-NL\",\"potentialAction\":[{\"@type\":\"ReadAction\",\"target\":[\"https:\\\/\\\/www.ajiagrosolutions.com\\\/nl\\\/home\\\/onze-innovaties\\\/\"]}]},{\"@type\":\"BreadcrumbList\",\"@id\":\"https:\\\/\\\/www.ajiagrosolutions.com\\\/nl\\\/home\\\/onze-innovaties\\\/#breadcrumb\",\"itemListElement\":[{\"@type\":\"ListItem\",\"position\":1,\"name\":\"Home\",\"item\":\"https:\\\/\\\/www.ajiagrosolutions.com\\\/nl\\\/\"},{\"@type\":\"ListItem\",\"position\":2,\"name\":\"Home\",\"item\":\"https:\\\/\\\/www.ajiagrosolutions.com\\\/nl\\\/\"},{\"@type\":\"ListItem\",\"position\":3,\"name\":\"Onze innovaties\"}]},{\"@type\":\"WebSite\",\"@id\":\"https:\\\/\\\/migration.ajiagrosolutions.com\\\/es\\\/#website\",\"url\":\"https:\\\/\\\/migration.ajiagrosolutions.com\\\/es\\\/\",\"name\":\"Ajinomoto - Agrosolutions\",\"description\":\"\",\"potentialAction\":[{\"@type\":\"SearchAction\",\"target\":{\"@type\":\"EntryPoint\",\"urlTemplate\":\"https:\\\/\\\/migration.ajiagrosolutions.com\\\/es\\\/?s={search_term_string}\"},\"query-input\":{\"@type\":\"PropertyValueSpecification\",\"valueRequired\":true,\"valueName\":\"search_term_string\"}}],\"inLanguage\":\"nl-NL\"}]}<\/script>\n<!-- \/ Yoast SEO Premium plugin. -->","yoast_head_json":{"title":"Agro culture innovations | Ajinomoto AgroSolutions","description":"Leveraging our expertise in creating eco-friendly biostimulants that represent the forefront of agricultural innovation.","robots":{"index":"index","follow":"follow","max-snippet":"max-snippet:-1","max-image-preview":"max-image-preview:large","max-video-preview":"max-video-preview:-1"},"canonical":"https:\/\/www.ajiagrosolutions.com\/nl\/home\/onze-innovaties\/","og_locale":"nl_NL","og_type":"article","og_title":"Onze innovaties","og_description":"Leveraging our expertise in creating eco-friendly biostimulants that represent the forefront of agricultural innovation.","og_url":"https:\/\/www.ajiagrosolutions.com\/nl\/home\/onze-innovaties\/","og_site_name":"Ajinomoto - Agrosolutions","article_modified_time":"2025-03-14T14:46:48+00:00","twitter_card":"summary_large_image","twitter_misc":{"Geschatte leestijd":"10 minuten"},"schema":{"@context":"https:\/\/schema.org","@graph":[{"@type":"WebPage","@id":"https:\/\/www.ajiagrosolutions.com\/nl\/home\/onze-innovaties\/","url":"https:\/\/www.ajiagrosolutions.com\/nl\/home\/onze-innovaties\/","name":"Agro culture innovations | Ajinomoto AgroSolutions","isPartOf":{"@id":"https:\/\/migration.ajiagrosolutions.com\/es\/#website"},"datePublished":"2024-02-13T08:11:55+00:00","dateModified":"2025-03-14T14:46:48+00:00","description":"Leveraging our expertise in creating eco-friendly biostimulants that represent the forefront of agricultural innovation.","breadcrumb":{"@id":"https:\/\/www.ajiagrosolutions.com\/nl\/home\/onze-innovaties\/#breadcrumb"},"inLanguage":"nl-NL","potentialAction":[{"@type":"ReadAction","target":["https:\/\/www.ajiagrosolutions.com\/nl\/home\/onze-innovaties\/"]}]},{"@type":"BreadcrumbList","@id":"https:\/\/www.ajiagrosolutions.com\/nl\/home\/onze-innovaties\/#breadcrumb","itemListElement":[{"@type":"ListItem","position":1,"name":"Home","item":"https:\/\/www.ajiagrosolutions.com\/nl\/"},{"@type":"ListItem","position":2,"name":"Home","item":"https:\/\/www.ajiagrosolutions.com\/nl\/"},{"@type":"ListItem","position":3,"name":"Onze innovaties"}]},{"@type":"WebSite","@id":"https:\/\/migration.ajiagrosolutions.com\/es\/#website","url":"https:\/\/migration.ajiagrosolutions.com\/es\/","name":"Ajinomoto - Agrosolutions","description":"","potentialAction":[{"@type":"SearchAction","target":{"@type":"EntryPoint","urlTemplate":"https:\/\/migration.ajiagrosolutions.com\/es\/?s={search_term_string}"},"query-input":{"@type":"PropertyValueSpecification","valueRequired":true,"valueName":"search_term_string"}}],"inLanguage":"nl-NL"}]}},"_links":{"self":[{"href":"https:\/\/www.ajiagrosolutions.com\/nl\/wp-json\/wp\/v2\/pages\/25546121","targetHints":{"allow":["GET"]}}],"collection":[{"href":"https:\/\/www.ajiagrosolutions.com\/nl\/wp-json\/wp\/v2\/pages"}],"about":[{"href":"https:\/\/www.ajiagrosolutions.com\/nl\/wp-json\/wp\/v2\/types\/page"}],"author":[{"embeddable":true,"href":"https:\/\/www.ajiagrosolutions.com\/nl\/wp-json\/wp\/v2\/users\/1"}],"replies":[{"embeddable":true,"href":"https:\/\/www.ajiagrosolutions.com\/nl\/wp-json\/wp\/v2\/comments?post=25546121"}],"version-history":[{"count":0,"href":"https:\/\/www.ajiagrosolutions.com\/nl\/wp-json\/wp\/v2\/pages\/25546121\/revisions"}],"up":[{"embeddable":true,"href":"https:\/\/www.ajiagrosolutions.com\/nl\/wp-json\/wp\/v2\/pages\/25546115"}],"wp:attachment":[{"href":"https:\/\/www.ajiagrosolutions.com\/nl\/wp-json\/wp\/v2\/media?parent=25546121"}],"wp:term":[{"taxonomy":"dipi_cpt_category","embeddable":true,"href":"https:\/\/www.ajiagrosolutions.com\/nl\/wp-json\/wp\/v2\/dipi_cpt_category?post=25546121"}],"curies":[{"name":"wp","href":"https:\/\/api.w.org\/{rel}","templated":true}]}}