{"id":25546106,"date":"2024-07-03T14:00:35","date_gmt":"2024-07-03T14:00:35","guid":{"rendered":"https:\/\/migration.ajiagrosolutions.com\/ingrediente-activo\/"},"modified":"2025-04-28T17:16:12","modified_gmt":"2025-04-28T17:16:12","slug":"ingredient-actif","status":"publish","type":"page","link":"https:\/\/www.ajiagrosolutions.com\/fr\/ingredient-actif\/","title":{"rendered":"Active Ingredient"},"content":{"rendered":"<p>[et_pb_section fb_built=\u00a0\u00bb1&Prime; custom_padding_last_edited=\u00a0\u00bbon|tablet\u00a0\u00bb admin_label=\u00a0\u00bbIntro\u00a0\u00bb module_class=\u00a0\u00bbarc-bottom-white\u00a0\u00bb _builder_version=\u00a0\u00bb4.24.0&Prime; _module_preset=\u00a0\u00bbdefault\u00a0\u00bb background_enable_image=\u00a0\u00bboff\u00a0\u00bb height=\u00a0\u00bb100vh\u00a0\u00bb max_height=\u00a0\u00bb450px\u00a0\u00bb custom_padding_tablet=\u00a0\u00bb4rem||0px||false|false\u00a0\u00bb custom_padding_phone=\u00a0\u00bb4rem||0px||false|false\u00a0\u00bb bottom_divider_color=\u00a0\u00bb#FFFFFF\u00a0\u00bb custom_css_main_element=\u00a0\u00bbdisplay: flex;||flex-direction: column;\u00a0\u00bb locked=\u00a0\u00bboff\u00a0\u00bb global_colors_info=\u00a0\u00bb{}\u00a0\u00bb][et_pb_row custom_padding_last_edited=\u00a0\u00bbon|phone\u00a0\u00bb admin_label=\u00a0\u00bbtext\u00a0\u00bb module_class=\u00a0\u00bbuw-row\u00a0\u00bb _builder_version=\u00a0\u00bb4.24.0&Prime; _module_preset=\u00a0\u00bbdefault\u00a0\u00bb z_index=\u00a0\u00bb4&Prime; width=\u00a0\u00bb100%\u00a0\u00bb max_width=\u00a0\u00bb1200px\u00a0\u00bb custom_padding=\u00a0\u00bb|30px||30px|false|true\u00a0\u00bb custom_padding_tablet=\u00a0\u00bb|30px||30px|false|true\u00a0\u00bb custom_padding_phone=\u00a0\u00bb|20px||20px|false|true\u00a0\u00bb custom_css_main_element=\u00a0\u00bbdisplay: flex;||justify-content: flex-start;\u00a0\u00bb global_colors_info=\u00a0\u00bb{}\u00a0\u00bb][et_pb_column type=\u00a0\u00bb4_4&Prime; _builder_version=\u00a0\u00bb4.24.0&Prime; _module_preset=\u00a0\u00bbdefault\u00a0\u00bb background_color=\u00a0\u00bbrgba(255,255,255,0.8)\u00a0\u00bb custom_padding=\u00a0\u00bb40px|40px|40px|40px|true|true\u00a0\u00bb custom_padding_tablet=\u00a0\u00bb40px|40px|40px|40px|true|true\u00a0\u00bb custom_padding_phone=\u00a0\u00bb20px|20px|20px|20px|true|true\u00a0\u00bb custom_padding_last_edited=\u00a0\u00bbon|phone\u00a0\u00bb custom_css_main_element=\u00a0\u00bbwidth: auto!important;||max-width: 600px;\u00a0\u00bb global_colors_info=\u00a0\u00bb{}\u00a0\u00bb][et_pb_text module_class=\u00a0\u00bbjs-fade-in\u00a0\u00bb _builder_version=\u00a0\u00bb4.24.0&Prime; _module_preset=\u00a0\u00bbd5bb82bb-ca7f-41b5-a941-8d749cf329fe\u00a0\u00bb custom_margin_tablet=\u00a0\u00bb||0.5rem||false|false\u00a0\u00bb custom_margin_phone=\u00a0\u00bb||0rem||false|false\u00a0\u00bb custom_margin_last_edited=\u00a0\u00bbon|tablet\u00a0\u00bb hover_enabled=\u00a0\u00bb0&Prime; global_colors_info=\u00a0\u00bb{}\u00a0\u00bb sticky_enabled=\u00a0\u00bb0&Prime;]<\/p>\n<h1>BASE DE DONN\u00c9ES DE FORMULES<\/h1>\n<p>[\/et_pb_text][\/et_pb_column][\/et_pb_row][et_pb_row admin_label=\u00a0\u00bbbackground\u00a0\u00bb module_class=\u00a0\u00bbukiyo\u00a0\u00bb _builder_version=\u00a0\u00bb4.24.0&Prime; _module_preset=\u00a0\u00bbdefault\u00a0\u00bb background_image=\u00a0\u00bbhttps:\/\/www.ajiagrosolutions.com\/wp-content\/uploads\/2024\/02\/bb003c6be61318aac512949c500079a4_s.jpg\u00a0\u00bb background_position=\u00a0\u00bbtop_center\u00a0\u00bb positioning=\u00a0\u00bbabsolute\u00a0\u00bb width=\u00a0\u00bb100%\u00a0\u00bb max_width=\u00a0\u00bb100%\u00a0\u00bb height=\u00a0\u00bb100%\u00a0\u00bb custom_padding=\u00a0\u00bb0px|0px|0px|0px|false|false\u00a0\u00bb global_colors_info=\u00a0\u00bb{}\u00a0\u00bb][et_pb_column type=\u00a0\u00bb4_4&Prime; _builder_version=\u00a0\u00bb4.24.0&Prime; _module_preset=\u00a0\u00bbdefault\u00a0\u00bb global_colors_info=\u00a0\u00bb{}\u00a0\u00bb][\/et_pb_column][\/et_pb_row][\/et_pb_section][et_pb_section fb_built=\u00a0\u00bb1&Prime; custom_padding_last_edited=\u00a0\u00bbon|phone\u00a0\u00bb _builder_version=\u00a0\u00bb4.24.0&Prime; _module_preset=\u00a0\u00bbdefault\u00a0\u00bb display_conditions=\u00a0\u00bbW3siaWQiOiIwOGI0OTgyNi0yYWIwLTRkZmYtOTJlMy04OTgyNmU3MWM4MzEiLCJjb25kaXRpb24iOiJsb2dnZWRJblN0YXR1cyIsImNvbmRpdGlvblNldHRpbmdzIjp7ImRpc3BsYXlSdWxlIjoibG9nZ2VkT3V0IiwiYWRtaW5MYWJlbCI6IkxvZ2dlZCBJbiBTdGF0dXMiLCJlbmFibGVDb25kaXRpb24iOiJvbiJ9LCJvcGVyYXRvciI6Ik9SIn1d\u00a0\u00bb custom_padding=\u00a0\u00bb6rem||6rem||true|false\u00a0\u00bb custom_padding_tablet=\u00a0\u00bb6rem||6rem||true|false\u00a0\u00bb custom_padding_phone=\u00a0\u00bb1rem||1rem||true|false\u00a0\u00bb locked=\u00a0\u00bboff\u00a0\u00bb global_colors_info=\u00a0\u00bb{}\u00a0\u00bb][et_pb_row custom_padding_last_edited=\u00a0\u00bbon|phone\u00a0\u00bb module_class=\u00a0\u00bbuw-row\u00a0\u00bb _builder_version=\u00a0\u00bb4.24.0&Prime; _module_preset=\u00a0\u00bbdefault\u00a0\u00bb width=\u00a0\u00bb100%\u00a0\u00bb max_width=\u00a0\u00bb1200px\u00a0\u00bb custom_padding=\u00a0\u00bb|30px||30px|false|true\u00a0\u00bb custom_padding_tablet=\u00a0\u00bb|30px||30px|false|true\u00a0\u00bb custom_padding_phone=\u00a0\u00bb|20px||20px|false|true\u00a0\u00bb global_colors_info=\u00a0\u00bb{}\u00a0\u00bb][et_pb_column type=\u00a0\u00bb4_4&Prime; _builder_version=\u00a0\u00bb4.24.0&Prime; _module_preset=\u00a0\u00bbdefault\u00a0\u00bb global_colors_info=\u00a0\u00bb{}\u00a0\u00bb][et_pb_text _builder_version=\u00a0\u00bb4.24.0&Prime; _module_preset=\u00a0\u00bbd5bb82bb-ca7f-41b5-a941-8d749cf329fe\u00a0\u00bb header_4_text_align=\u00a0\u00bbcenter\u00a0\u00bb custom_margin=\u00a0\u00bb||0.5rem||false|false\u00a0\u00bb global_colors_info=\u00a0\u00bb{}\u00a0\u00bb]<\/p>\n<h4>Acc\u00e8s refus\u00e9<\/h4>\n<p>[\/et_pb_text][et_pb_text _builder_version=\u00a0\u00bb4.24.0&Prime; _module_preset=\u00a0\u00bbd5bb82bb-ca7f-41b5-a941-8d749cf329fe\u00a0\u00bb text_orientation=\u00a0\u00bbcenter\u00a0\u00bb custom_margin=\u00a0\u00bb||1.5rem||false|false\u00a0\u00bb global_colors_info=\u00a0\u00bb{}\u00a0\u00bb]<\/p>\n<p>Pour y acc\u00e9der, veuillez vous connecter avec votre compte.<\/p>\n<p>[\/et_pb_text][et_pb_button button_url=\u00a0\u00bb@ET-DC@eyJkeW5hbWljIjp0cnVlLCJjb250ZW50IjoicG9zdF9saW5rX3VybF9wYWdlIiwic2V0dGluZ3MiOnsicG9zdF9pZCI6IjE5NTciLCJlbmFibGVfaHRtbCI6Im9mZiJ9fQ==@\u00a0\u00bb button_text=\u00a0\u00bbLogin\u00a0\u00bb button_alignment=\u00a0\u00bbcenter\u00a0\u00bb _builder_version=\u00a0\u00bb4.24.0&Prime; _dynamic_attributes=\u00a0\u00bbbutton_url\u00a0\u00bb _module_preset=\u00a0\u00bb1ea8a6b8-c4e2-4823-80fe-549bd98da130&Prime; button_bg_color=\u00a0\u00bb#FCC557&Prime; button_border_width=\u00a0\u00bb0px\u00a0\u00bb global_colors_info=\u00a0\u00bb{}\u00a0\u00bb][\/et_pb_button][\/et_pb_column][\/et_pb_row][\/et_pb_section][et_pb_section fb_built=\u00a0\u00bb1&Prime; custom_padding_last_edited=\u00a0\u00bbon|phone\u00a0\u00bb _builder_version=\u00a0\u00bb4.24.0&Prime; _module_preset=\u00a0\u00bbdefault\u00a0\u00bb display_conditions=\u00a0\u00bbW3siaWQiOiJhZjNkMjBjNS01YTRhLTQxNzgtYWYxNC1kYjQ3NmMxNDQ5NDIiLCJjb25kaXRpb24iOiJ1c2VyUm9sZSIsImNvbmRpdGlvblNldHRpbmdzIjp7ImRpc3BsYXlSdWxlIjoiaXMiLCJ1c2VyUm9sZXMiOlt7ImxhYmVsIjoiQWRtaW5pc3RyYXRvciIsInZhbHVlIjoiYWRtaW5pc3RyYXRvciJ9LHsibGFiZWwiOiJFZGl0b3IiLCJ2YWx1ZSI6ImVkaXRvciJ9LHsibGFiZWwiOiJBdXRob3IiLCJ2YWx1ZSI6ImF1dGhvciJ9LHsibGFiZWwiOiJDb250cmlidXRvciIsInZhbHVlIjoiY29udHJpYnV0b3IifSx7ImxhYmVsIjoiU3Vic2NyaWJlciIsInZhbHVlIjoic3Vic2NyaWJlciJ9LHsibGFiZWwiOiJTRU8gTWFuYWdlciIsInZhbHVlIjoid3BzZW9fbWFuYWdlciJ9LHsibGFiZWwiOiJTRU8gRWRpdG9yIiwidmFsdWUiOiJ3cHNlb19lZGl0b3IifV0sInVzZXJJZHMiOiJVc2VyIElEcyBzZXBhcmF0ZWQgYnkgY29tbWFzIiwiYWRtaW5MYWJlbCI6IlVzZXIgUm9sZSIsImVuYWJsZUNvbmRpdGlvbiI6Im9uIn0sIm9wZXJhdG9yIjoiT1IifV0=\u00a0\u00bb custom_padding=\u00a0\u00bb4rem||5rem||false|false\u00a0\u00bb custom_padding_tablet=\u00a0\u00bb6rem||6rem||true|false\u00a0\u00bb custom_padding_phone=\u00a0\u00bb1rem||1rem||true|false\u00a0\u00bb locked=\u00a0\u00bboff\u00a0\u00bb global_colors_info=\u00a0\u00bb{}\u00a0\u00bb][et_pb_row custom_padding_last_edited=\u00a0\u00bbon|phone\u00a0\u00bb _builder_version=\u00a0\u00bb4.24.0&Prime; _module_preset=\u00a0\u00bbdefault\u00a0\u00bb width=\u00a0\u00bb100%\u00a0\u00bb max_width=\u00a0\u00bb900px\u00a0\u00bb custom_padding=\u00a0\u00bb|30px||30px|false|true\u00a0\u00bb custom_padding_tablet=\u00a0\u00bb|30px||30px|false|true\u00a0\u00bb custom_padding_phone=\u00a0\u00bb|20px||20px|false|true\u00a0\u00bb locked=\u00a0\u00bboff\u00a0\u00bb global_colors_info=\u00a0\u00bb{}\u00a0\u00bb][et_pb_column type=\u00a0\u00bb4_4&Prime; _builder_version=\u00a0\u00bb4.24.0&Prime; _module_preset=\u00a0\u00bbdefault\u00a0\u00bb global_colors_info=\u00a0\u00bb{}\u00a0\u00bb][et_pb_text _builder_version=\u00a0\u00bb4.24.0&Prime; _module_preset=\u00a0\u00bbd5bb82bb-ca7f-41b5-a941-8d749cf329fe\u00a0\u00bb header_4_text_align=\u00a0\u00bbcenter\u00a0\u00bb custom_margin=\u00a0\u00bb||0.5rem||false|false\u00a0\u00bb global_colors_info=\u00a0\u00bb{}\u00a0\u00bb]<\/p>\n<h4>Recherche par ingr\u00e9dient actif<\/h4>\n<p>[\/et_pb_text][et_pb_text _builder_version=\u00a0\u00bb4.24.0&Prime; _module_preset=\u00a0\u00bbd5bb82bb-ca7f-41b5-a941-8d749cf329fe\u00a0\u00bb text_orientation=\u00a0\u00bbcenter\u00a0\u00bb custom_margin=\u00a0\u00bb||1.5rem||false|false\u00a0\u00bb locked=\u00a0\u00bboff\u00a0\u00bb global_colors_info=\u00a0\u00bb{}\u00a0\u00bb]Commencez votre recherche en s\u00e9lectionnant l\u2019ingr\u00e9dient actif ou le nom du produit Tensiofix.[\/et_pb_text][et_pb_code _builder_version=\u00a0\u00bb4.24.0&Prime; _module_preset=\u00a0\u00bbdefault\u00a0\u00bb max_width=\u00a0\u00bb900px\u00a0\u00bb module_alignment=\u00a0\u00bbcenter\u00a0\u00bb custom_margin=\u00a0\u00bb||0px||false|false\u00a0\u00bb custom_padding=\u00a0\u00bb||||false|true\u00a0\u00bb global_colors_info=\u00a0\u00bb{}\u00a0\u00bb]<\/p>\n<div class=\"as-tabs\"><!-- [et_pb_line_break_holder] -->  <a class=\"as-tab\" href=\"https:\/\/www.ajiagrosolutions.com\/fr\/base-de-donnees-de-formulations\/\">Search by Product Name<\/a><!-- [et_pb_line_break_holder] --> <a class=\"as-tab as-tab_active\" href=\"\"> Search by Active Ingredient<\/a><!-- [et_pb_line_break_holder] --><\/div>\n<p>[\/et_pb_code][et_pb_code disabled_on=\u00a0\u00bbon|on|on\u00a0\u00bb _builder_version=\u00a0\u00bb4.24.0&Prime; _module_preset=\u00a0\u00bbdefault\u00a0\u00bb background_color=\u00a0\u00bb#FCC557&Prime; max_width=\u00a0\u00bb900px\u00a0\u00bb module_alignment=\u00a0\u00bbcenter\u00a0\u00bb custom_padding=\u00a0\u00bb4px|4px|4px|4px|true|true\u00a0\u00bb border_radii=\u00a0\u00bbon|10px|10px|10px|10px\u00a0\u00bb disabled=\u00a0\u00bbon\u00a0\u00bb global_colors_info=\u00a0\u00bb{}\u00a0\u00bb]<input type=\"text\" class=\"search-field product_search_input\" placeholder=\"Recherche par ingr\u00e9dient actif\">[\/et_pb_code][et_pb_code _builder_version=\u00a0\u00bb4.24.0&Prime; _module_preset=\u00a0\u00bbdefault\u00a0\u00bb background_color=\u00a0\u00bb#FCC557&Prime; positioning=\u00a0\u00bbrelative\u00a0\u00bb module_alignment=\u00a0\u00bbcenter\u00a0\u00bb custom_margin=\u00a0\u00bb||2.5rem||false|false\u00a0\u00bb custom_padding=\u00a0\u00bb4px|4px|4px|4px|true|true\u00a0\u00bb border_radii=\u00a0\u00bbon|10px|10px|10px|10px\u00a0\u00bb global_colors_info=\u00a0\u00bb{}\u00a0\u00bb][\/et_pb_code][et_pb_custknowledges post_type=\u00a0\u00bbactive_ingredients\u00a0\u00bb show_thumbnail=\u00a0\u00bboff\u00a0\u00bb show_content=\u00a0\u00bbon\u00a0\u00bb show_author=\u00a0\u00bboff\u00a0\u00bb show_date=\u00a0\u00bboff\u00a0\u00bb show_categories=\u00a0\u00bboff\u00a0\u00bb module_class=\u00a0\u00bbtable-content table-active-ingredient \u00a0\u00bb _builder_version=\u00a0\u00bb4.24.0&Prime; _module_preset=\u00a0\u00bbdefault\u00a0\u00bb global_colors_info=\u00a0\u00bb{}\u00a0\u00bb][\/et_pb_custknowledges][\/et_pb_column][\/et_pb_row][\/et_pb_section]<\/p>\n","protected":false},"excerpt":{"rendered":"<p>BASE DE DONN\u00c9ES DE FORMULESAcc\u00e8s refus\u00e9Pour y acc\u00e9der, veuillez vous connecter avec votre compte.Recherche par ingr\u00e9dient actifCommencez votre recherche en s\u00e9lectionnant l\u2019ingr\u00e9dient actif ou le nom du produit Tensiofix.<\/p>\n","protected":false},"author":1,"featured_media":0,"parent":0,"menu_order":0,"comment_status":"closed","ping_status":"closed","template":"","meta":{"_acf_changed":false,"_et_pb_use_builder":"on","_et_pb_old_content":"","_et_gb_content_width":"","inline_featured_image":false,"footnotes":""},"dipi_cpt_category":[],"class_list":["post-25546106","page","type-page","status-publish","hentry"],"acf":[],"yoast_head":"<!-- This site is optimized with the Yoast SEO Premium plugin v27.3 (Yoast SEO v27.4) - https:\/\/yoast.com\/product\/yoast-seo-premium-wordpress\/ -->\n<title>Active Ingredient - Ajinomoto - Agrosolutions<\/title>\n<meta name=\"robots\" content=\"index, follow, max-snippet:-1, max-image-preview:large, max-video-preview:-1\" \/>\n<link rel=\"canonical\" href=\"https:\/\/www.ajiagrosolutions.com\/fr\/ingredient-actif\/\" \/>\n<meta property=\"og:locale\" content=\"fr_FR\" \/>\n<meta property=\"og:type\" content=\"article\" \/>\n<meta property=\"og:title\" content=\"Active Ingredient\" \/>\n<meta property=\"og:description\" content=\"BASE DE DONN\u00c9ES DE FORMULESAcc\u00e8s refus\u00e9Pour y acc\u00e9der, veuillez vous connecter avec votre compte.Recherche par ingr\u00e9dient actifCommencez votre recherche en s\u00e9lectionnant l\u2019ingr\u00e9dient actif ou le nom du produit Tensiofix.\" \/>\n<meta property=\"og:url\" content=\"https:\/\/www.ajiagrosolutions.com\/fr\/ingredient-actif\/\" \/>\n<meta property=\"og:site_name\" content=\"Ajinomoto - Agrosolutions\" \/>\n<meta property=\"article:modified_time\" content=\"2025-04-28T17:16:12+00:00\" \/>\n<meta name=\"twitter:card\" content=\"summary_large_image\" \/>\n<meta name=\"twitter:label1\" content=\"Dur\u00e9e de lecture estim\u00e9e\" \/>\n\t<meta name=\"twitter:data1\" content=\"5 minutes\" \/>\n<script type=\"application\/ld+json\" class=\"yoast-schema-graph\">{\"@context\":\"https:\\\/\\\/schema.org\",\"@graph\":[{\"@type\":\"WebPage\",\"@id\":\"https:\\\/\\\/www.ajiagrosolutions.com\\\/fr\\\/ingredient-actif\\\/\",\"url\":\"https:\\\/\\\/www.ajiagrosolutions.com\\\/fr\\\/ingredient-actif\\\/\",\"name\":\"Active Ingredient - Ajinomoto - Agrosolutions\",\"isPartOf\":{\"@id\":\"https:\\\/\\\/migration.ajiagrosolutions.com\\\/es\\\/#website\"},\"datePublished\":\"2024-07-03T14:00:35+00:00\",\"dateModified\":\"2025-04-28T17:16:12+00:00\",\"breadcrumb\":{\"@id\":\"https:\\\/\\\/www.ajiagrosolutions.com\\\/fr\\\/ingredient-actif\\\/#breadcrumb\"},\"inLanguage\":\"fr-FR\",\"potentialAction\":[{\"@type\":\"ReadAction\",\"target\":[\"https:\\\/\\\/www.ajiagrosolutions.com\\\/fr\\\/ingredient-actif\\\/\"]}]},{\"@type\":\"BreadcrumbList\",\"@id\":\"https:\\\/\\\/www.ajiagrosolutions.com\\\/fr\\\/ingredient-actif\\\/#breadcrumb\",\"itemListElement\":[{\"@type\":\"ListItem\",\"position\":1,\"name\":\"Home\",\"item\":\"https:\\\/\\\/www.ajiagrosolutions.com\\\/fr\\\/\"},{\"@type\":\"ListItem\",\"position\":2,\"name\":\"Active Ingredient\"}]},{\"@type\":\"WebSite\",\"@id\":\"https:\\\/\\\/migration.ajiagrosolutions.com\\\/es\\\/#website\",\"url\":\"https:\\\/\\\/migration.ajiagrosolutions.com\\\/es\\\/\",\"name\":\"Ajinomoto - Agrosolutions\",\"description\":\"\",\"potentialAction\":[{\"@type\":\"SearchAction\",\"target\":{\"@type\":\"EntryPoint\",\"urlTemplate\":\"https:\\\/\\\/migration.ajiagrosolutions.com\\\/es\\\/?s={search_term_string}\"},\"query-input\":{\"@type\":\"PropertyValueSpecification\",\"valueRequired\":true,\"valueName\":\"search_term_string\"}}],\"inLanguage\":\"fr-FR\"}]}<\/script>\n<!-- \/ Yoast SEO Premium plugin. -->","yoast_head_json":{"title":"Active Ingredient - Ajinomoto - Agrosolutions","robots":{"index":"index","follow":"follow","max-snippet":"max-snippet:-1","max-image-preview":"max-image-preview:large","max-video-preview":"max-video-preview:-1"},"canonical":"https:\/\/www.ajiagrosolutions.com\/fr\/ingredient-actif\/","og_locale":"fr_FR","og_type":"article","og_title":"Active Ingredient","og_description":"BASE DE DONN\u00c9ES DE FORMULESAcc\u00e8s refus\u00e9Pour y acc\u00e9der, veuillez vous connecter avec votre compte.Recherche par ingr\u00e9dient actifCommencez votre recherche en s\u00e9lectionnant l\u2019ingr\u00e9dient actif ou le nom du produit Tensiofix.","og_url":"https:\/\/www.ajiagrosolutions.com\/fr\/ingredient-actif\/","og_site_name":"Ajinomoto - Agrosolutions","article_modified_time":"2025-04-28T17:16:12+00:00","twitter_card":"summary_large_image","twitter_misc":{"Dur\u00e9e de lecture estim\u00e9e":"5 minutes"},"schema":{"@context":"https:\/\/schema.org","@graph":[{"@type":"WebPage","@id":"https:\/\/www.ajiagrosolutions.com\/fr\/ingredient-actif\/","url":"https:\/\/www.ajiagrosolutions.com\/fr\/ingredient-actif\/","name":"Active Ingredient - Ajinomoto - Agrosolutions","isPartOf":{"@id":"https:\/\/migration.ajiagrosolutions.com\/es\/#website"},"datePublished":"2024-07-03T14:00:35+00:00","dateModified":"2025-04-28T17:16:12+00:00","breadcrumb":{"@id":"https:\/\/www.ajiagrosolutions.com\/fr\/ingredient-actif\/#breadcrumb"},"inLanguage":"fr-FR","potentialAction":[{"@type":"ReadAction","target":["https:\/\/www.ajiagrosolutions.com\/fr\/ingredient-actif\/"]}]},{"@type":"BreadcrumbList","@id":"https:\/\/www.ajiagrosolutions.com\/fr\/ingredient-actif\/#breadcrumb","itemListElement":[{"@type":"ListItem","position":1,"name":"Home","item":"https:\/\/www.ajiagrosolutions.com\/fr\/"},{"@type":"ListItem","position":2,"name":"Active Ingredient"}]},{"@type":"WebSite","@id":"https:\/\/migration.ajiagrosolutions.com\/es\/#website","url":"https:\/\/migration.ajiagrosolutions.com\/es\/","name":"Ajinomoto - Agrosolutions","description":"","potentialAction":[{"@type":"SearchAction","target":{"@type":"EntryPoint","urlTemplate":"https:\/\/migration.ajiagrosolutions.com\/es\/?s={search_term_string}"},"query-input":{"@type":"PropertyValueSpecification","valueRequired":true,"valueName":"search_term_string"}}],"inLanguage":"fr-FR"}]}},"_links":{"self":[{"href":"https:\/\/www.ajiagrosolutions.com\/fr\/wp-json\/wp\/v2\/pages\/25546106","targetHints":{"allow":["GET"]}}],"collection":[{"href":"https:\/\/www.ajiagrosolutions.com\/fr\/wp-json\/wp\/v2\/pages"}],"about":[{"href":"https:\/\/www.ajiagrosolutions.com\/fr\/wp-json\/wp\/v2\/types\/page"}],"author":[{"embeddable":true,"href":"https:\/\/www.ajiagrosolutions.com\/fr\/wp-json\/wp\/v2\/users\/1"}],"replies":[{"embeddable":true,"href":"https:\/\/www.ajiagrosolutions.com\/fr\/wp-json\/wp\/v2\/comments?post=25546106"}],"version-history":[{"count":0,"href":"https:\/\/www.ajiagrosolutions.com\/fr\/wp-json\/wp\/v2\/pages\/25546106\/revisions"}],"wp:attachment":[{"href":"https:\/\/www.ajiagrosolutions.com\/fr\/wp-json\/wp\/v2\/media?parent=25546106"}],"wp:term":[{"taxonomy":"dipi_cpt_category","embeddable":true,"href":"https:\/\/www.ajiagrosolutions.com\/fr\/wp-json\/wp\/v2\/dipi_cpt_category?post=25546106"}],"curies":[{"name":"wp","href":"https:\/\/api.w.org\/{rel}","templated":true}]}}