{"id":25545613,"date":"2024-02-16T12:05:09","date_gmt":"2024-02-16T12:05:09","guid":{"rendered":"https:\/\/migration.ajiagrosolutions.com\/our-solutions\/"},"modified":"2026-02-10T10:38:33","modified_gmt":"2026-02-10T10:38:33","slug":"nuestras-soluciones","status":"publish","type":"page","link":"https:\/\/www.ajiagrosolutions.com\/es\/nuestras-soluciones\/","title":{"rendered":"Nuestras soluciones"},"content":{"rendered":"<p>[et_pb_section fb_built=\u00bb1&#8243; custom_padding_last_edited=\u00bbon|tablet\u00bb admin_label=\u00bbIntro\u00bb module_class=\u00bbarc-bottom-yellow\u00bb _builder_version=\u00bb4.24.0&#8243; _module_preset=\u00bbdefault\u00bb background_enable_image=\u00bboff\u00bb height=\u00bb100vh\u00bb max_height=\u00bb800px\u00bb custom_padding_tablet=\u00bb4rem||0px||false|false\u00bb custom_padding_phone=\u00bb4rem||0px||false|false\u00bb bottom_divider_color=\u00bb#FFFFFF\u00bb custom_css_main_element=\u00bbdisplay: flex;||flex-direction: column;\u00bb locked=\u00bboff\u00bb global_colors_info=\u00bb{}\u00bb][et_pb_row custom_padding_last_edited=\u00bbon|phone\u00bb admin_label=\u00bbtexto\u00bb module_class=\u00bbuw-row\u00bb _builder_version=\u00bb4.24.0&#8243; _module_preset=\u00bbdefault\u00bb z_index=\u00bb4&#8243; width=\u00bb100%\u00bb max_width=\u00bb1200px\u00bb custom_padding=\u00bb|30px||30px|false|true\u00bb custom_padding_tablet=\u00bb|30px||30px|false|true\u00bb custom_padding_phone=\u00bb|20px||20px|false|true\u00bb custom_css_main_element=\u00bbdisplay: flex;||justify-content: flex-end;\u00bb global_colors_info=\u00bb{}\u00bb][et_pb_column type=\u00bb4_4&#8243; _builder_version=\u00bb4.24.0&#8243; _module_preset=\u00bbdefault\u00bb background_color=\u00bbrgba(255,255,255,0.8)\u00bb custom_padding=\u00bb40px|40px|40px|40px|true|true\u00bb custom_padding_tablet=\u00bb40px|40px|40px|40px|true|true\u00bb custom_padding_phone=\u00bb20px|20px|20px|20px|true|true\u00bb custom_padding_last_edited=\u00bbon|phone\u00bb custom_css_main_element=\u00bbwidth: auto!important;||max-width: 600px;\u00bb global_colors_info=\u00bb{}\u00bb][et_pb_text module_class=\u00bbjs-fade-in\u00bb _builder_version=\u00bb4.24.0&#8243; _module_preset=\u00bbd5bb82bb-ca7f-41b5-a941-8d749cf329fe\u00bb custom_margin_tablet=\u00bb||0.5rem||false|false\u00bb custom_margin_phone=\u00bb||0rem||false|false\u00bb custom_margin_last_edited=\u00bbon|tablet\u00bb global_colors_info=\u00bb{}\u00bb]<\/p>\n<h1>Soluciones sostenibles para la industria agroalimentaria<\/h1>\n<p>[\/et_pb_text][et_pb_text module_class=\u00bbjs-fade-in\u00bb _builder_version=\u00bb4.24.0&#8243; _module_preset=\u00bbb9431c7e-1947-490e-a79e-afbfd94d4ff6&#8243; max_width=\u00bb100%\u00bb custom_margin_tablet=\u00bb||0px||false|false\u00bb custom_margin_phone=\u00bb||0px||false|false\u00bb custom_margin_last_edited=\u00bbon|tablet\u00bb global_colors_info=\u00bb{}\u00bb]<\/p>\n<p>Descubre nuestras soluciones integrales dise\u00f1adas para la industria agr\u00edcola, impulsadas por una investigaci\u00f3n y desarrollo de vanguardia.<\/p>\n<p>[\/et_pb_text][\/et_pb_column][\/et_pb_row][et_pb_row admin_label=\u00bbbackground\u00bb module_class=\u00bbukiyo\u00bb _builder_version=\u00bb4.24.0&#8243; _module_preset=\u00bbdefault\u00bb background_image=\u00bbhttps:\/\/www.ajiagrosolutions.com\/wp-content\/uploads\/2024\/02\/visual_our_solution.jpg\u00bb background_position=\u00bbtop_center\u00bb positioning=\u00bbabsolute\u00bb width=\u00bb100%\u00bb max_width=\u00bb100%\u00bb height=\u00bb100%\u00bb custom_padding=\u00bb0px|0px|0px|0px|false|false\u00bb global_colors_info=\u00bb{}\u00bb][et_pb_column type=\u00bb4_4&#8243; _builder_version=\u00bb4.24.0&#8243; _module_preset=\u00bbdefault\u00bb global_colors_info=\u00bb{}\u00bb][\/et_pb_column][\/et_pb_row][\/et_pb_section][et_pb_section fb_built=\u00bb1&#8243; custom_padding_last_edited=\u00bbon|phone\u00bb module_class=\u00bbdecor-orbit-right decor-orbit__yellow-position-2&#8243; _builder_version=\u00bb4.24.0&#8243; _module_preset=\u00bbdefault\u00bb background_color=\u00bb#FCC557&#8243; custom_padding=\u00bb4rem||5rem||false|false\u00bb custom_padding_tablet=\u00bb4rem||5rem||false|false\u00bb custom_padding_phone=\u00bb2rem||1.5rem||false|false\u00bb global_colors_info=\u00bb{}\u00bb][et_pb_row custom_padding_last_edited=\u00bbon|phone\u00bb module_class=\u00bbuws-row\u00bb _builder_version=\u00bb4.24.0&#8243; _module_preset=\u00bbdefault\u00bb width=\u00bb100%\u00bb max_width=\u00bb980px\u00bb custom_padding=\u00bb|30px||30px|false|true\u00bb custom_padding_tablet=\u00bb|30px||30px|false|true\u00bb custom_padding_phone=\u00bb|20px||20px|false|true\u00bb global_colors_info=\u00bb{}\u00bb][et_pb_column type=\u00bb4_4&#8243; _builder_version=\u00bb4.24.0&#8243; _module_preset=\u00bbdefault\u00bb global_colors_info=\u00bb{}\u00bb][et_pb_image src=\u00bb\/wp-content\/themes\/Divi\/images\/icon-quote.svg\u00bb align=\u00bbcenter\u00bb module_class=\u00bbjs-fade-in\u00bb _builder_version=\u00bb4.24.0&#8243; _module_preset=\u00bbdefault\u00bb max_width=\u00bb80px\u00bb max_width_tablet=\u00bb70px\u00bb max_width_phone=\u00bb40px\u00bb max_width_last_edited=\u00bbon|tablet\u00bb module_alignment=\u00bbcenter\u00bb custom_margin=\u00bb||2.5rem||false|false\u00bb custom_margin_tablet=\u00bb||2.5rem||false|false\u00bb custom_margin_phone=\u00bb||1.5rem||false|false\u00bb custom_margin_last_edited=\u00bbon|phone\u00bb locked=\u00bboff\u00bb global_colors_info=\u00bb{}\u00bb][\/et_pb_image][et_pb_text _builder_version=\u00bb4.24.0&#8243; _module_preset=\u00bb47e260be-76b5-469a-ba15-e076ae3fadc3&#8243; text_text_color=\u00bb#FFFFFF\u00bb text_orientation=\u00bbcenter\u00bb custom_margin_tablet=\u00bb\u00bb custom_margin_phone=\u00bb||1.2rem||false|false\u00bb custom_margin_last_edited=\u00bbon|phone\u00bb global_colors_info=\u00bb{}\u00bb]<\/p>\n<p>La principal fortaleza de nuestras soluciones agropecuarias radica en su funcionalidad y eficiencia. Nuestros productos han sido rigurosamente probados en extensos ensayos, demostrando su efectividad, junto con la satisfacci\u00f3n de nuestros valiosos socios. <\/p>\n<p>[\/et_pb_text][\/et_pb_column][\/et_pb_row][\/et_pb_section][et_pb_section fb_built=\u00bb1&#8243; custom_padding_last_edited=\u00bbon|tablet\u00bb _builder_version=\u00bb4.24.0&#8243; _module_preset=\u00bbdefault\u00bb background_color=\u00bb#E6EDEE\u00bb custom_padding=\u00bb2rem||2rem||true|false\u00bb custom_padding_tablet=\u00bb4rem||4rem||false|false\u00bb custom_padding_phone=\u00bb1.5rem||1rem||false|false\u00bb locked=\u00bboff\u00bb global_colors_info=\u00bb{}\u00bb][et_pb_row custom_padding_last_edited=\u00bbon|phone\u00bb module_class=\u00bbuw-row\u00bb _builder_version=\u00bb4.24.0&#8243; _module_preset=\u00bbdefault\u00bb background_color=\u00bbRGBA(255,255,255,0)\u00bb z_index=\u00bb4&#8243; width=\u00bb100%\u00bb max_width=\u00bb1200px\u00bb custom_padding=\u00bb|30px||30px|false|true\u00bb custom_padding_tablet=\u00bb|30px||30px|false|true\u00bb custom_padding_phone=\u00bb1.5rem|20px||20px|false|true\u00bb locked=\u00bboff\u00bb global_colors_info=\u00bb{}\u00bb][et_pb_column type=\u00bb4_4&#8243; module_class=\u00bbgrid-two\u00bb _builder_version=\u00bb4.24.0&#8243; _module_preset=\u00bbdefault\u00bb global_colors_info=\u00bb{}\u00bb][dsm_card title=\u00bbbiostimulantes de origen vegetal y materias primas\u00bb image=\u00bbhttps:\/\/www.ajiagrosolutions.com\/wp-content\/uploads\/2024\/03\/11.0-Planta-regada-2-scaled.jpg\u00bb content_padding=\u00bb40px|40px|40px|40px|true|true\u00bb button_text=\u00bbDescubre los biostimulantes\u00bb button_url=\u00bb@ET-DC@eyJkeW5hbWljIjp0cnVlLCJjb250ZW50IjoicG9zdF9saW5rX3VybF9wYWdlIiwic2V0dGluZ3MiOnsicG9zdF9pZCI6IjE2NDIiLCJlbmFibGVfaHRtbCI6Im9mZiJ9fQ==@\u00bb module_class=\u00bbbrand-card card-center js-fade-in\u00bb _builder_version=\u00bb4.24.0&#8243; _dynamic_attributes=\u00bbbutton_url\u00bb _module_preset=\u00bbfc0941af-eb07-49ea-b788-e6705e7d402c\u00bb text_orientation=\u00bbcenter\u00bb global_colors_info=\u00bb{}\u00bb]<\/p>\n<p>Bioestimulantes a medida y materias primas adaptadas a las necesidades y caracter\u00edsticas espec\u00edficas de cada cultivo. Nuestros bioestimulantes vegetales se crean a partir de amino\u00e1cidos obtenidos mediante fermentaci\u00f3n propia. <\/p>\n<p>[\/dsm_card][dsm_card title=\u00bbSURFACTANTES TENSIOFIX\u00ae Y CO-FORMULANTES\u00bb image=\u00bbhttps:\/\/www.ajiagrosolutions.com\/wp-content\/uploads\/2024\/03\/KPT_7209.jpg\u00bb content_padding=\u00bb40px|40px|40px|40px|true|true\u00bb button_text=\u00bbDescubre los co-formulantes\u00bb button_url=\u00bb@ET-DC@eyJkeW5hbWljIjp0cnVlLCJjb250ZW50IjoicG9zdF9saW5rX3VybF9wYWdlIiwic2V0dGluZ3MiOnsicG9zdF9pZCI6IjE2NjYiLCJlbmFibGVfaHRtbCI6Im9mZiJ9fQ==@\u00bb module_class=\u00bbbrand-card card-center js-fade-in\u00bb _builder_version=\u00bb4.24.0&#8243; _dynamic_attributes=\u00bbbutton_url\u00bb _module_preset=\u00bb2bd932e7-7110-4ec1-bdc8-eb823d59dbf8&#8243; header_text_align=\u00bbcenter\u00bb body_text_align=\u00bbcenter\u00bb button_alignment=\u00bbcenter\u00bb global_colors_info=\u00bb{}\u00bb]<\/p>\n<p>Los emulgentes y agentes humectantes-dispersantes de desarrollo propio se formulan espec\u00edficamente para mejorar la estabilidad, la dispersabilidad y la eficacia biol\u00f3gica. Servicios de desarrollo y escalado de agro-soluciones. <\/p>\n<p>[\/dsm_card][\/et_pb_column][\/et_pb_row][\/et_pb_section][et_pb_section fb_built=\u00bb1&#8243; custom_padding_last_edited=\u00bbon|tablet\u00bb disabled_on=\u00bbon|on|on\u00bb module_class=\u00bbdecor-orbit-right decor-orbit__yellow-position-2&#8243; _builder_version=\u00bb4.24.0&#8243; _module_preset=\u00bbdefault\u00bb background_color=\u00bb#FFFFFF\u00bb custom_padding=\u00bb5rem||3rem||false|false\u00bb custom_padding_tablet=\u00bb4rem||2rem||false|false\u00bb custom_padding_phone=\u00bb1rem||1rem||false|false\u00bb disabled=\u00bbon\u00bb locked=\u00bboff\u00bb global_colors_info=\u00bb{}\u00bb][et_pb_row custom_padding_last_edited=\u00bbon|phone\u00bb module_class=\u00bbuw-row\u00bb _builder_version=\u00bb4.24.0&#8243; _module_preset=\u00bbdefault\u00bb width=\u00bb100%\u00bb max_width=\u00bb1200px\u00bb custom_padding=\u00bb|30px||30px|false|true\u00bb custom_padding_tablet=\u00bb|30px|1rem|30px|false|true\u00bb custom_padding_phone=\u00bb|20px|0rem|20px|false|true\u00bb locked=\u00bboff\u00bb global_colors_info=\u00bb{}\u00bb][et_pb_column type=\u00bb4_4&#8243; _builder_version=\u00bb4.24.0&#8243; _module_preset=\u00bbdefault\u00bb global_colors_info=\u00bb{}\u00bb][et_pb_text module_class=\u00bbjs-fade-in\u00bb _builder_version=\u00bb4.24.0&#8243; _module_preset=\u00bbd5bb82bb-ca7f-41b5-a941-8d749cf329fe\u00bb global_colors_info=\u00bb{}\u00bb]<\/p>\n<h2>Noticias para la agroindustria<\/h2>\n<p>[\/et_pb_text][\/et_pb_column][\/et_pb_row][et_pb_row custom_padding_last_edited=\u00bbon|phone\u00bb module_class=\u00bbuw-row\u00bb _builder_version=\u00bb4.24.0&#8243; _module_preset=\u00bbdefault\u00bb width=\u00bb100%\u00bb max_width=\u00bb1200px\u00bb custom_padding=\u00bb|30px||30px|false|true\u00bb custom_padding_tablet=\u00bb|30px||30px|false|true\u00bb custom_padding_phone=\u00bb1.5rem|20px||20px|false|true\u00bb locked=\u00bboff\u00bb global_colors_info=\u00bb{}\u00bb][et_pb_column type=\u00bb4_4&#8243; _builder_version=\u00bb4.24.0&#8243; _module_preset=\u00bbdefault\u00bb global_colors_info=\u00bb{}\u00bb][et_pb_custblog posts_number=\u00bb3&#8243; module_class=\u00bbnews-grid news-grid__gray\u00bb _builder_version=\u00bb4.24.0&#8243; _module_preset=\u00bb5878f052-4589-4f19-93ee-bac47427a765&#8243; custom_margin=\u00bb||||false|false\u00bb custom_padding_tablet=\u00bb\u00bb custom_padding_phone=\u00bb||||false|false\u00bb custom_padding_last_edited=\u00bbon|phone\u00bb global_colors_info=\u00bb{}\u00bb][\/et_pb_custblog][et_pb_button button_url=\u00bb@ET-DC@eyJkeW5hbWljIjp0cnVlLCJjb250ZW50IjoicG9zdF9saW5rX3VybF9wYWdlIiwic2V0dGluZ3MiOnsicG9zdF9pZCI6IjIxIiwiZW5hYmxlX2h0bWwiOiJvZmYifX0=@\u00bb button_text=\u00bbLeer m\u00e1s\u00bb button_alignment=\u00bbcenter\u00bb _builder_version=\u00bb4.24.0&#8243; _dynamic_attributes=\u00bbbutton_url\u00bb _module_preset=\u00bb1ea8a6b8-c4e2-4823-80fe-549bd98da130&#8243; custom_margin=\u00bb3rem||||false|false\u00bb custom_margin_tablet=\u00bb3rem||||false|false\u00bb custom_margin_phone=\u00bb2rem||||false|false\u00bb custom_margin_last_edited=\u00bbon|phone\u00bb locked=\u00bboff\u00bb global_colors_info=\u00bb{}\u00bb][\/et_pb_button][\/et_pb_column][\/et_pb_row][\/et_pb_section][et_pb_section fb_built=\u00bb1&#8243; custom_padding_last_edited=\u00bbon|phone\u00bb module_class=\u00bbfooter footer__gray arc-top-gray\u00bb _builder_version=\u00bb4.24.0&#8243; _module_preset=\u00bbdefault\u00bb background_color=\u00bb#4C5864&#8243; custom_padding=\u00bb8rem||0px||false|false\u00bb custom_padding_tablet=\u00bb6rem||0px||false|false\u00bb custom_padding_phone=\u00bb2rem||0px||false|false\u00bb locked=\u00bboff\u00bb global_colors_info=\u00bb{}\u00bb][et_pb_row make_equal=\u00bbon\u00bb custom_padding_last_edited=\u00bbon|phone\u00bb module_class=\u00bbuw-row\u00bb _builder_version=\u00bb4.24.0&#8243; _module_preset=\u00bbdefault\u00bb width=\u00bb100%\u00bb max_width=\u00bb1200px\u00bb custom_padding=\u00bb|30px||30px|false|true\u00bb custom_padding_tablet=\u00bb|30px|1rem|30px|false|true\u00bb custom_padding_phone=\u00bb|20px||20px|false|true\u00bb global_colors_info=\u00bb{}\u00bb][et_pb_column type=\u00bb4_4&#8243; _builder_version=\u00bb4.24.0&#8243; _module_preset=\u00bbdefault\u00bb global_colors_info=\u00bb{}\u00bb][et_pb_text module_class=\u00bbjs-fade-in\u00bb _builder_version=\u00bb4.24.0&#8243; _module_preset=\u00bbd5bb82bb-ca7f-41b5-a941-8d749cf329fe\u00bb text_text_color=\u00bb#FFFFFF\u00bb header_2_text_color=\u00bb#FFFFFF\u00bb max_width_tablet=\u00bb100%\u00bb max_width_phone=\u00bb100%\u00bb max_width_last_edited=\u00bbon|tablet\u00bb custom_margin_tablet=\u00bb\u00bb custom_margin_phone=\u00bb||1.5rem||false|false\u00bb custom_margin_last_edited=\u00bbon|phone\u00bb hover_enabled=\u00bb0&#8243; global_colors_info=\u00bb{}\u00bb sticky_enabled=\u00bb0&#8243;]<\/p>\n<h2 style=\"text-align: center;\">\u00bfTe gustar\u00eda saber m\u00e1s sobre nuestras soluciones agropecuarias?<\/h2>\n<p>[\/et_pb_text][et_pb_code _builder_version=\u00bb4.24.0&#8243; _module_preset=\u00bbdefault\u00bb hover_enabled=\u00bb0&#8243; global_colors_info=\u00bb{}\u00bb sticky_enabled=\u00bb0&#8243;]<script src=\"https:\/\/js-eu1.hsforms.net\/forms\/embed\/146390680.js\" defer><\/script><!-- [et_pb_line_break_holder] --><\/p>\n<div class=\"hs-form-frame\" data-region=\"eu1\" data-form-id=\"2d9dc57b-bdc2-494c-9ab4-92c9d356ae51\" data-portal-id=\"146390680\"><\/div>\n<p>[\/et_pb_code][\/et_pb_column][\/et_pb_row][\/et_pb_section]<\/p>\n","protected":false},"excerpt":{"rendered":"<p>Soluciones sostenibles para la industria agroalimentariaDescubre nuestras soluciones integrales dise\u00f1adas para la industria agr\u00edcola, impulsadas por una investigaci\u00f3n y desarrollo de vanguardia.La principal fortaleza de nuestras soluciones agropecuarias radica en su funcionalidad y eficiencia. Nuestros productos han sido rigurosamente probados en extensos ensayos, demostrando su efectividad, junto con la satisfacci\u00f3n de nuestros valiosos socios. <div class=\"et_pb_module dsm_card dsm_card_0 et_pb_bg_layout_light  dsm_card_layout_stacked\">\n\t\t\t\t\n\t\t\t\t\n\t\t\t\t\n\t\t\t\t\n\t\t\t\t\n\t\t\t\t\n\t\t\t\t<div class=\"et_pb_module_inner\">\n\t\t\t\t\t\n\t\t\t\n\t\t\t\n\t\t\t\n\t\t\t\n\t\t\t\t<\/div>\n\t\t\t<\/div><\/p>\n","protected":false},"author":1,"featured_media":0,"parent":0,"menu_order":0,"comment_status":"closed","ping_status":"closed","template":"","meta":{"_acf_changed":false,"_et_pb_use_builder":"on","_et_pb_old_content":"","_et_gb_content_width":"","inline_featured_image":false,"footnotes":""},"dipi_cpt_category":[],"class_list":["post-25545613","page","type-page","status-publish","hentry"],"acf":[],"yoast_head":"<!-- This site is optimized with the Yoast SEO Premium plugin v27.3 (Yoast SEO v27.4) - https:\/\/yoast.com\/product\/yoast-seo-premium-wordpress\/ -->\n<title>Soluciones sostenibles para la industria agroalimentaria | Ajinomoto AgroSolutions<\/title>\n<meta name=\"description\" content=\"Surfactantes de alto rendimiento y rentables para la agricultura: emulsionantes, agentes dispersantes y aditivos dise\u00f1ados para soluciones agropecuarias.\" \/>\n<meta name=\"robots\" content=\"index, follow, max-snippet:-1, max-image-preview:large, max-video-preview:-1\" \/>\n<link rel=\"canonical\" href=\"https:\/\/www.ajiagrosolutions.com\/es\/nuestras-soluciones\/\" \/>\n<meta property=\"og:locale\" content=\"es_ES\" \/>\n<meta property=\"og:type\" content=\"article\" \/>\n<meta property=\"og:title\" content=\"Nuestras soluciones\" \/>\n<meta property=\"og:description\" content=\"Surfactantes de alto rendimiento y rentables para la agricultura: emulsionantes, agentes dispersantes y aditivos dise\u00f1ados para soluciones agropecuarias.\" \/>\n<meta property=\"og:url\" content=\"https:\/\/www.ajiagrosolutions.com\/es\/nuestras-soluciones\/\" \/>\n<meta property=\"og:site_name\" content=\"Ajinomoto - Agrosolutions\" \/>\n<meta property=\"article:modified_time\" content=\"2026-02-10T10:38:33+00:00\" \/>\n<meta name=\"twitter:card\" content=\"summary_large_image\" \/>\n<meta name=\"twitter:label1\" content=\"Tiempo de lectura\" \/>\n\t<meta name=\"twitter:data1\" content=\"8 minutos\" \/>\n<script type=\"application\/ld+json\" class=\"yoast-schema-graph\">{\"@context\":\"https:\\\/\\\/schema.org\",\"@graph\":[{\"@type\":\"WebPage\",\"@id\":\"https:\\\/\\\/www.ajiagrosolutions.com\\\/es\\\/nuestras-soluciones\\\/\",\"url\":\"https:\\\/\\\/www.ajiagrosolutions.com\\\/es\\\/nuestras-soluciones\\\/\",\"name\":\"Soluciones sostenibles para la industria agroalimentaria | Ajinomoto AgroSolutions\",\"isPartOf\":{\"@id\":\"https:\\\/\\\/migration.ajiagrosolutions.com\\\/es\\\/#website\"},\"datePublished\":\"2024-02-16T12:05:09+00:00\",\"dateModified\":\"2026-02-10T10:38:33+00:00\",\"description\":\"Surfactantes de alto rendimiento y rentables para la agricultura: emulsionantes, agentes dispersantes y aditivos dise\u00f1ados para soluciones agropecuarias.\",\"breadcrumb\":{\"@id\":\"https:\\\/\\\/www.ajiagrosolutions.com\\\/es\\\/nuestras-soluciones\\\/#breadcrumb\"},\"inLanguage\":\"es\",\"potentialAction\":[{\"@type\":\"ReadAction\",\"target\":[\"https:\\\/\\\/www.ajiagrosolutions.com\\\/es\\\/nuestras-soluciones\\\/\"]}]},{\"@type\":\"BreadcrumbList\",\"@id\":\"https:\\\/\\\/www.ajiagrosolutions.com\\\/es\\\/nuestras-soluciones\\\/#breadcrumb\",\"itemListElement\":[{\"@type\":\"ListItem\",\"position\":1,\"name\":\"Home\",\"item\":\"https:\\\/\\\/www.ajiagrosolutions.com\\\/es\\\/\"},{\"@type\":\"ListItem\",\"position\":2,\"name\":\"Nuestras soluciones\"}]},{\"@type\":\"WebSite\",\"@id\":\"https:\\\/\\\/migration.ajiagrosolutions.com\\\/es\\\/#website\",\"url\":\"https:\\\/\\\/migration.ajiagrosolutions.com\\\/es\\\/\",\"name\":\"Ajinomoto - Agrosolutions\",\"description\":\"\",\"potentialAction\":[{\"@type\":\"SearchAction\",\"target\":{\"@type\":\"EntryPoint\",\"urlTemplate\":\"https:\\\/\\\/migration.ajiagrosolutions.com\\\/es\\\/?s={search_term_string}\"},\"query-input\":{\"@type\":\"PropertyValueSpecification\",\"valueRequired\":true,\"valueName\":\"search_term_string\"}}],\"inLanguage\":\"es\"}]}<\/script>\n<!-- \/ Yoast SEO Premium plugin. -->","yoast_head_json":{"title":"Soluciones sostenibles para la industria agroalimentaria | Ajinomoto AgroSolutions","description":"Surfactantes de alto rendimiento y rentables para la agricultura: emulsionantes, agentes dispersantes y aditivos dise\u00f1ados para soluciones agropecuarias.","robots":{"index":"index","follow":"follow","max-snippet":"max-snippet:-1","max-image-preview":"max-image-preview:large","max-video-preview":"max-video-preview:-1"},"canonical":"https:\/\/www.ajiagrosolutions.com\/es\/nuestras-soluciones\/","og_locale":"es_ES","og_type":"article","og_title":"Nuestras soluciones","og_description":"Surfactantes de alto rendimiento y rentables para la agricultura: emulsionantes, agentes dispersantes y aditivos dise\u00f1ados para soluciones agropecuarias.","og_url":"https:\/\/www.ajiagrosolutions.com\/es\/nuestras-soluciones\/","og_site_name":"Ajinomoto - Agrosolutions","article_modified_time":"2026-02-10T10:38:33+00:00","twitter_card":"summary_large_image","twitter_misc":{"Tiempo de lectura":"8 minutos"},"schema":{"@context":"https:\/\/schema.org","@graph":[{"@type":"WebPage","@id":"https:\/\/www.ajiagrosolutions.com\/es\/nuestras-soluciones\/","url":"https:\/\/www.ajiagrosolutions.com\/es\/nuestras-soluciones\/","name":"Soluciones sostenibles para la industria agroalimentaria | Ajinomoto AgroSolutions","isPartOf":{"@id":"https:\/\/migration.ajiagrosolutions.com\/es\/#website"},"datePublished":"2024-02-16T12:05:09+00:00","dateModified":"2026-02-10T10:38:33+00:00","description":"Surfactantes de alto rendimiento y rentables para la agricultura: emulsionantes, agentes dispersantes y aditivos dise\u00f1ados para soluciones agropecuarias.","breadcrumb":{"@id":"https:\/\/www.ajiagrosolutions.com\/es\/nuestras-soluciones\/#breadcrumb"},"inLanguage":"es","potentialAction":[{"@type":"ReadAction","target":["https:\/\/www.ajiagrosolutions.com\/es\/nuestras-soluciones\/"]}]},{"@type":"BreadcrumbList","@id":"https:\/\/www.ajiagrosolutions.com\/es\/nuestras-soluciones\/#breadcrumb","itemListElement":[{"@type":"ListItem","position":1,"name":"Home","item":"https:\/\/www.ajiagrosolutions.com\/es\/"},{"@type":"ListItem","position":2,"name":"Nuestras soluciones"}]},{"@type":"WebSite","@id":"https:\/\/migration.ajiagrosolutions.com\/es\/#website","url":"https:\/\/migration.ajiagrosolutions.com\/es\/","name":"Ajinomoto - Agrosolutions","description":"","potentialAction":[{"@type":"SearchAction","target":{"@type":"EntryPoint","urlTemplate":"https:\/\/migration.ajiagrosolutions.com\/es\/?s={search_term_string}"},"query-input":{"@type":"PropertyValueSpecification","valueRequired":true,"valueName":"search_term_string"}}],"inLanguage":"es"}]}},"_links":{"self":[{"href":"https:\/\/www.ajiagrosolutions.com\/es\/wp-json\/wp\/v2\/pages\/25545613","targetHints":{"allow":["GET"]}}],"collection":[{"href":"https:\/\/www.ajiagrosolutions.com\/es\/wp-json\/wp\/v2\/pages"}],"about":[{"href":"https:\/\/www.ajiagrosolutions.com\/es\/wp-json\/wp\/v2\/types\/page"}],"author":[{"embeddable":true,"href":"https:\/\/www.ajiagrosolutions.com\/es\/wp-json\/wp\/v2\/users\/1"}],"replies":[{"embeddable":true,"href":"https:\/\/www.ajiagrosolutions.com\/es\/wp-json\/wp\/v2\/comments?post=25545613"}],"version-history":[{"count":0,"href":"https:\/\/www.ajiagrosolutions.com\/es\/wp-json\/wp\/v2\/pages\/25545613\/revisions"}],"wp:attachment":[{"href":"https:\/\/www.ajiagrosolutions.com\/es\/wp-json\/wp\/v2\/media?parent=25545613"}],"wp:term":[{"taxonomy":"dipi_cpt_category","embeddable":true,"href":"https:\/\/www.ajiagrosolutions.com\/es\/wp-json\/wp\/v2\/dipi_cpt_category?post=25545613"}],"curies":[{"name":"wp","href":"https:\/\/api.w.org\/{rel}","templated":true}]}}